{"id":4148,"date":"2019-02-07T13:36:03","date_gmt":"2019-02-07T12:36:03","guid":{"rendered":"http:\/\/www.carnets-dailleurs.com\/?page_id=4148"},"modified":"2019-02-07T13:41:10","modified_gmt":"2019-02-07T12:41:10","slug":"pourquoi-ce-blog","status":"publish","type":"page","link":"https:\/\/www.carnets-dailleurs.com\/index.php\/pourquoi-ce-blog\/","title":{"rendered":"Pourquoi ce blog ?"},"content":{"rendered":"\n<p>Ao\u00fbt 2011&nbsp;: 5<sup>\u00e8me<\/sup>&nbsp;voyage en Islande et 1 mois pass\u00e9 l\u00e0-bas, \u00e0 explorer une partie du nord et de l&rsquo;est avec mon sac \u00e0 dos ; des images plein la t\u00eate, des rencontres, des \u00e9motions, mais aussi des photos, des vid\u00e9os et surtout un carnet de voyage.<\/p>\n\n\n\n<p>Au d\u00e9but, je ne savais pas trop quoi faire de tout \u00e7a et je trouvais dommage de ne pas exploiter ce carnet que j\u2019ai aliment\u00e9 chaque soir de mon p\u00e9riple. Faire un blog&nbsp;? Oui mais bon\u2026 Quel int\u00e9r\u00eat si c\u2019est pour ne plus l\u2019alimenter ensuite\u2026 Et en m\u00eame temps, c\u2019est tout de m\u00eame le meilleur moyen de retranscrire ce voyage \u2013 il s\u2019est pass\u00e9 tant de choses &#8211; et surtout de le partager, notamment avec les amis qui sont loin.<\/p>\n\n\n\n<p>Go&nbsp;! Je me d\u00e9cide pour le blog&nbsp;; il pourra donner des id\u00e9es \u00e0 ceux qui souhaitent partir en Islande\u2026 et puis, il sera certainement mis \u00e0 jour l\u2019ann\u00e9e prochaine, pour mon 6<sup>\u00e8me<\/sup>&nbsp;voyage en Islande\u2026 Ou ailleurs\u2026 Qui sait&nbsp;?<\/p>\n","protected":false},"excerpt":{"rendered":"<p>Ao\u00fbt 2011&nbsp;: 5\u00e8me&nbsp;voyage en Islande et 1 mois pass\u00e9 l\u00e0-bas, \u00e0 explorer une partie du nord et de l&rsquo;est avec mon sac \u00e0 dos ; des images plein la t\u00eate, des rencontres, des \u00e9motions, mais aussi des photos, des vid\u00e9os et surtout un carnet de voyage. Au d\u00e9but, je ne&#8230;<\/p>\n<p> <a class=\"continue-reading-link\" href=\"https:\/\/www.carnets-dailleurs.com\/index.php\/pourquoi-ce-blog\/\"><span>Lire la suite<\/span><i class=\"crycon-right-dir\"><\/i><\/a> <\/p>\n","protected":false},"author":1,"featured_media":0,"parent":0,"menu_order":0,"comment_status":"closed","ping_status":"closed","template":"templates\/template-onecolumn.php","meta":{"_mi_skip_tracking":false},"_links":{"self":[{"href":"https:\/\/www.carnets-dailleurs.com\/index.php\/wp-json\/wp\/v2\/pages\/4148"}],"collection":[{"href":"https:\/\/www.carnets-dailleurs.com\/index.php\/wp-json\/wp\/v2\/pages"}],"about":[{"href":"https:\/\/www.carnets-dailleurs.com\/index.php\/wp-json\/wp\/v2\/types\/page"}],"author":[{"embeddable":true,"href":"https:\/\/www.carnets-dailleurs.com\/index.php\/wp-json\/wp\/v2\/users\/1"}],"replies":[{"embeddable":true,"href":"https:\/\/www.carnets-dailleurs.com\/index.php\/wp-json\/wp\/v2\/comments?post=4148"}],"version-history":[{"count":1,"href":"https:\/\/www.carnets-dailleurs.com\/index.php\/wp-json\/wp\/v2\/pages\/4148\/revisions"}],"predecessor-version":[{"id":4150,"href":"https:\/\/www.carnets-dailleurs.com\/index.php\/wp-json\/wp\/v2\/pages\/4148\/revisions\/4150"}],"wp:attachment":[{"href":"https:\/\/www.carnets-dailleurs.com\/index.php\/wp-json\/wp\/v2\/media?parent=4148"}],"curies":[{"name":"wp","href":"https:\/\/api.w.org\/{rel}","templated":true}]}}