{"id":4714,"date":"2019-02-24T20:00:18","date_gmt":"2019-02-24T19:00:18","guid":{"rendered":"http:\/\/www.carnets-dailleurs.com\/?page_id=4714"},"modified":"2019-02-24T20:54:26","modified_gmt":"2019-02-24T19:54:26","slug":"europe","status":"publish","type":"page","link":"https:\/\/www.carnets-dailleurs.com\/index.php\/europe\/","title":{"rendered":"Europe"},"content":{"rendered":"\n<p>R\u00e9cits de treks r\u00e9alis\u00e9s en Europe.<\/p>\n\n\n\n<div class=\"wp-block-media-text alignwide\" style=\"grid-template-columns:43% auto\"><figure class=\"wp-block-media-text__media\"><img decoding=\"async\" loading=\"lazy\" width=\"1024\" height=\"576\" src=\"http:\/\/www.carnets-dailleurs.com\/wp-content\/uploads\/2019\/02\/Konigssee-Salet-15-1024x576.jpg\" alt=\"\" class=\"wp-image-3501\" srcset=\"https:\/\/www.carnets-dailleurs.com\/wp-content\/uploads\/2019\/02\/Konigssee-Salet-15-1024x576.jpg 1024w, https:\/\/www.carnets-dailleurs.com\/wp-content\/uploads\/2019\/02\/Konigssee-Salet-15-300x169.jpg 300w, https:\/\/www.carnets-dailleurs.com\/wp-content\/uploads\/2019\/02\/Konigssee-Salet-15-768x432.jpg 768w, https:\/\/www.carnets-dailleurs.com\/wp-content\/uploads\/2019\/02\/Konigssee-Salet-15-150x84.jpg 150w, https:\/\/www.carnets-dailleurs.com\/wp-content\/uploads\/2019\/02\/Konigssee-Salet-15.jpg 1280w\" sizes=\"(max-width: 1024px) 100vw, 1024px\" \/><\/figure><div class=\"wp-block-media-text__content\">\n<p class=\"has-medium-font-size\"><a href=\"http:\/\/www.carnets-dailleurs.com\/index.php\/category\/europe\/baviere\/\">Bavi\u00e8re<\/a><\/p>\n<\/div><\/div>\n\n\n\n<p>   <\/p>\n\n\n\n<div class=\"wp-block-media-text alignwide\" style=\"grid-template-columns:44% auto\"><figure class=\"wp-block-media-text__media\"><img decoding=\"async\" loading=\"lazy\" width=\"500\" height=\"282\" src=\"http:\/\/www.carnets-dailleurs.com\/wp-content\/uploads\/2019\/01\/Cote_Fetlar.jpg\" alt=\"\" class=\"wp-image-1788\" srcset=\"https:\/\/www.carnets-dailleurs.com\/wp-content\/uploads\/2019\/01\/Cote_Fetlar.jpg 500w, https:\/\/www.carnets-dailleurs.com\/wp-content\/uploads\/2019\/01\/Cote_Fetlar-300x169.jpg 300w, https:\/\/www.carnets-dailleurs.com\/wp-content\/uploads\/2019\/01\/Cote_Fetlar-150x85.jpg 150w\" sizes=\"(max-width: 500px) 100vw, 500px\" \/><\/figure><div class=\"wp-block-media-text__content\">\n<p class=\"has-medium-font-size\"><a href=\"http:\/\/www.carnets-dailleurs.com\/index.php\/ecosse\/\">Ecosse<\/a><\/p>\n<\/div><\/div>\n\n\n\n<p>    <\/p>\n\n\n\n<div class=\"wp-block-media-text alignwide\" style=\"grid-template-columns:44% auto\"><figure class=\"wp-block-media-text__media\"><img decoding=\"async\" loading=\"lazy\" width=\"500\" height=\"281\" src=\"http:\/\/www.carnets-dailleurs.com\/wp-content\/uploads\/2019\/01\/fjord-falaise-montagnes-hardangervidda.jpg\" alt=\"\" class=\"wp-image-3091\" srcset=\"https:\/\/www.carnets-dailleurs.com\/wp-content\/uploads\/2019\/01\/fjord-falaise-montagnes-hardangervidda.jpg 500w, https:\/\/www.carnets-dailleurs.com\/wp-content\/uploads\/2019\/01\/fjord-falaise-montagnes-hardangervidda-300x169.jpg 300w, https:\/\/www.carnets-dailleurs.com\/wp-content\/uploads\/2019\/01\/fjord-falaise-montagnes-hardangervidda-150x84.jpg 150w\" sizes=\"(max-width: 500px) 100vw, 500px\" \/><\/figure><div class=\"wp-block-media-text__content\">\n<p class=\"has-medium-font-size\"><a href=\"http:\/\/www.carnets-dailleurs.com\/index.php\/category\/europe\/norvege\/\">Norv\u00e8ge<\/a><\/p>\n<\/div><\/div>\n\n\n\n<p>   <\/p>\n","protected":false},"excerpt":{"rendered":"<p>R\u00e9cits de treks r\u00e9alis\u00e9s en Europe. Bavi\u00e8re Ecosse Norv\u00e8ge<\/p>\n<p> <a class=\"continue-reading-link\" href=\"https:\/\/www.carnets-dailleurs.com\/index.php\/europe\/\"><span>Lire la suite<\/span><i class=\"crycon-right-dir\"><\/i><\/a> <\/p>\n","protected":false},"author":1,"featured_media":0,"parent":0,"menu_order":0,"comment_status":"closed","ping_status":"closed","template":"","meta":{"_mi_skip_tracking":false},"_links":{"self":[{"href":"https:\/\/www.carnets-dailleurs.com\/index.php\/wp-json\/wp\/v2\/pages\/4714"}],"collection":[{"href":"https:\/\/www.carnets-dailleurs.com\/index.php\/wp-json\/wp\/v2\/pages"}],"about":[{"href":"https:\/\/www.carnets-dailleurs.com\/index.php\/wp-json\/wp\/v2\/types\/page"}],"author":[{"embeddable":true,"href":"https:\/\/www.carnets-dailleurs.com\/index.php\/wp-json\/wp\/v2\/users\/1"}],"replies":[{"embeddable":true,"href":"https:\/\/www.carnets-dailleurs.com\/index.php\/wp-json\/wp\/v2\/comments?post=4714"}],"version-history":[{"count":5,"href":"https:\/\/www.carnets-dailleurs.com\/index.php\/wp-json\/wp\/v2\/pages\/4714\/revisions"}],"predecessor-version":[{"id":4733,"href":"https:\/\/www.carnets-dailleurs.com\/index.php\/wp-json\/wp\/v2\/pages\/4714\/revisions\/4733"}],"wp:attachment":[{"href":"https:\/\/www.carnets-dailleurs.com\/index.php\/wp-json\/wp\/v2\/media?parent=4714"}],"curies":[{"name":"wp","href":"https:\/\/api.w.org\/{rel}","templated":true}]}}