{"id":5045,"date":"2019-09-01T11:56:12","date_gmt":"2019-09-01T09:56:12","guid":{"rendered":"http:\/\/www.carnets-dailleurs.com\/?page_id=5045"},"modified":"2019-09-01T15:58:59","modified_gmt":"2019-09-01T13:58:59","slug":"asie","status":"publish","type":"page","link":"https:\/\/www.carnets-dailleurs.com\/index.php\/asie\/","title":{"rendered":"Asie"},"content":{"rendered":"\n<p>R\u00e9cits de treks r\u00e9alis\u00e9s en Asie. <\/p>\n\n\n\n<div class=\"wp-block-media-text alignwide\" style=\"grid-template-columns:47% auto\"><figure class=\"wp-block-media-text__media\"><img decoding=\"async\" loading=\"lazy\" width=\"1000\" height=\"549\" src=\"http:\/\/www.carnets-dailleurs.com\/wp-content\/uploads\/2019\/09\/Bodnath-Katmandou.jpg\" alt=\"\" class=\"wp-image-5064\" srcset=\"https:\/\/www.carnets-dailleurs.com\/wp-content\/uploads\/2019\/09\/Bodnath-Katmandou.jpg 1000w, https:\/\/www.carnets-dailleurs.com\/wp-content\/uploads\/2019\/09\/Bodnath-Katmandou-300x165.jpg 300w, https:\/\/www.carnets-dailleurs.com\/wp-content\/uploads\/2019\/09\/Bodnath-Katmandou-768x422.jpg 768w, https:\/\/www.carnets-dailleurs.com\/wp-content\/uploads\/2019\/09\/Bodnath-Katmandou-150x82.jpg 150w\" sizes=\"(max-width: 1000px) 100vw, 1000px\" \/><\/figure><div class=\"wp-block-media-text__content\">\n<p class=\"has-medium-font-size\"><a href=\"http:\/\/www.carnets-dailleurs.com\/index.php\/nepal\/\">N\u00e9pal<\/a><\/p>\n<\/div><\/div>\n","protected":false},"excerpt":{"rendered":"<p>R\u00e9cits de treks r\u00e9alis\u00e9s en Asie. N\u00e9pal<\/p>\n<p> <a class=\"continue-reading-link\" href=\"https:\/\/www.carnets-dailleurs.com\/index.php\/asie\/\"><span>Lire la suite<\/span><i class=\"crycon-right-dir\"><\/i><\/a> <\/p>\n","protected":false},"author":1,"featured_media":0,"parent":0,"menu_order":0,"comment_status":"closed","ping_status":"closed","template":"","meta":{"_mi_skip_tracking":false},"_links":{"self":[{"href":"https:\/\/www.carnets-dailleurs.com\/index.php\/wp-json\/wp\/v2\/pages\/5045"}],"collection":[{"href":"https:\/\/www.carnets-dailleurs.com\/index.php\/wp-json\/wp\/v2\/pages"}],"about":[{"href":"https:\/\/www.carnets-dailleurs.com\/index.php\/wp-json\/wp\/v2\/types\/page"}],"author":[{"embeddable":true,"href":"https:\/\/www.carnets-dailleurs.com\/index.php\/wp-json\/wp\/v2\/users\/1"}],"replies":[{"embeddable":true,"href":"https:\/\/www.carnets-dailleurs.com\/index.php\/wp-json\/wp\/v2\/comments?post=5045"}],"version-history":[{"count":5,"href":"https:\/\/www.carnets-dailleurs.com\/index.php\/wp-json\/wp\/v2\/pages\/5045\/revisions"}],"predecessor-version":[{"id":5067,"href":"https:\/\/www.carnets-dailleurs.com\/index.php\/wp-json\/wp\/v2\/pages\/5045\/revisions\/5067"}],"wp:attachment":[{"href":"https:\/\/www.carnets-dailleurs.com\/index.php\/wp-json\/wp\/v2\/media?parent=5045"}],"curies":[{"name":"wp","href":"https:\/\/api.w.org\/{rel}","templated":true}]}}